{"id":3154,"date":"2023-12-12T16:04:44","date_gmt":"2023-12-12T22:04:44","guid":{"rendered":"https:\/\/toirobot.com\/?post_type=product&#038;p=3154"},"modified":"2023-12-18T16:47:04","modified_gmt":"2023-12-18T22:47:04","slug":"cems-adultos-e-infantes","status":"publish","type":"product","link":"https:\/\/toirobot.com\/en\/product\/cems-adultos-e-infantes\/","title":{"rendered":"CEMS para Adultos"},"content":{"rendered":"<h2><img decoding=\"async\" class=\"alignnone wp-image-2364\" src=\"https:\/\/toirobot.com\/wp-content\/uploads\/2023\/11\/Recurso-2@300x-300x300.png\" alt=\"\" width=\"64\" height=\"64\" srcset=\"https:\/\/toirobot.com\/wp-content\/uploads\/2023\/11\/Recurso-2@300x-300x300.png 300w, https:\/\/toirobot.com\/wp-content\/uploads\/2023\/11\/Recurso-2@300x-150x150.png 150w, https:\/\/toirobot.com\/wp-content\/uploads\/2023\/11\/Recurso-2@300x-100x100.png 100w, https:\/\/toirobot.com\/wp-content\/uploads\/2023\/11\/Recurso-2@300x.png 534w\" sizes=\"(max-width: 64px) 100vw, 64px\" \/>\u00a0<strong style=\"color: #1b2f4c;\">Garant\u00eda<\/strong><\/h2>\n<h6><u>Este equipo no entra en garant\u00eda<\/u><\/h6>","protected":false},"excerpt":{"rendered":"<h4><a href=\"https:\/\/toirobot.com\/wp-content\/uploads\/2023\/12\/CEMS-ESPITA-V1.1.pdf\">Descargar croquis<\/a><\/h4>\n<p>El CEMS para Adultos e Infantes es un completo Centro de Estimulaci\u00f3n Multisensorial que ofrece una amplia gama de equipos y elementos terap\u00e9uticos dise\u00f1ados para el desarrollo y la estimulaci\u00f3n de habilidades tanto para adultos como para infantes:<\/p>\n<p>1. Alberca Sensorial.<\/p>\n<p>2. Espejo Grande de Acr\u00edlico con Sistema de Protector de Seguridad.<\/p>\n<p>3. Columpio Hamaca Vestibular Capullo.<\/p>\n<p>4. Panel Infinito o Espejo Sin Fin B\u00e1sico.<\/p>\n<p>5. Panel de Potencia de Voz.<\/p>\n<p>6. Proyector Aura.<\/p>\n<p>7. Botonera Inal\u00e1mbrica.<\/p>\n<p>8. Panel de Actividades Mixtas Est\u00e1ndar.<\/p>\n<p>9. Pasillo de Texturas Est\u00e1ndar.<\/p>\n<p>10. Piso Amortiguado Blanco.<\/p>\n<p>11. Pared Amortiguada.<\/p>\n<p>12. Espejo Mediano de Acr\u00edlico con Sistema de Protector de Seguridad.<\/p>\n<p>13. Proyector de Estrellas en Movimiento y Nebulosa.<\/p>\n<p>14. Sistema de Control Universal Sensory Places + Sound Sensory System.<\/p>\n<p>15. Difusor de Aromas Port\u00e1til Aroma Smell.<\/p>\n<p>16. Tubo de Burbujas B\u00e1sico.<\/p>\n<p>17. Sill\u00f3n Puff.<\/p>\n<p>18. Paneles Reflectores de Luz.<\/p>\n<p>19. Fibra \u00d3ptica Cola de Caballo o Ramillete.<\/p>\n<p>20. Espejos para Tubo de Burbujas con Sistema de Protector de Seguridad.<\/p>\n<p>21. Piano en Escal\u00f3n para Tubo de Burbujas.<\/p>\n<p>22. Cama de Agua Est\u00e1ndar.<\/p>\n<p>23. Cortina de Fibra \u00d3ptica Adaptable.<\/p>\n<p>24. Panel de Entrenamiento T\u00e1ctil.<\/p>\n<p>25. Espejos para Alberca Sensorial B\u00e1sica y Est\u00e1ndar con Sistema de Protector de Seguridad.<\/p>\n<p>26. Cielo Universo Estelar.<\/p>\n<p>27. Panel Interactivo de Estimulaci\u00f3n T\u00e1ctil y Auditiva.<\/p>\n<p>28. Sensy Magic System\u00ae.<\/p>\n<p>29. Panel de Aromaterapia Integral.<\/p>\n<p>30. Escalera para Alberca de Pelotas.<\/p>\n<p>31. Cama de Agua Personalizada.<\/p>\n<p>32. Piano Magic Step.<\/p>\n<p>33. Tubo de Burbujas Personalizado para Adulto Mayor.<\/p>\n<p>34. Panel Interactivo de Estimulaci\u00f3n T\u00e1ctil, Auditiva y Visual.<\/p>\n<p>35. M\u00f3dulo de Estimulaci\u00f3n Grupal.<\/p>\n<h5><strong><a href=\"https:\/\/wa.link\/13lg2t\" target=\"_blank\" rel=\"noopener\">Solicita el croquis de instalaci\u00f3n el\u00e9ctrica en WhatsApp<\/a><\/strong><\/h5>","protected":false},"featured_media":3155,"comment_status":"open","ping_status":"closed","template":"","meta":{"_monsterinsights_skip_tracking":false,"_monsterinsights_sitenote_active":false,"_monsterinsights_sitenote_note":"","_monsterinsights_sitenote_category":0,"_joinchat":[]},"product_brand":[],"product_cat":[45],"product_tag":[48],"class_list":{"0":"post-3154","1":"product","2":"type-product","3":"status-publish","4":"has-post-thumbnail","6":"product_cat-cems","7":"product_tag-equipo-cems-2","9":"first","10":"instock","11":"taxable","12":"shipping-taxable","13":"product-type-simple"},"aioseo_notices":[],"_links":{"self":[{"href":"https:\/\/toirobot.com\/en\/wp-json\/wp\/v2\/product\/3154","targetHints":{"allow":["GET"]}}],"collection":[{"href":"https:\/\/toirobot.com\/en\/wp-json\/wp\/v2\/product"}],"about":[{"href":"https:\/\/toirobot.com\/en\/wp-json\/wp\/v2\/types\/product"}],"replies":[{"embeddable":true,"href":"https:\/\/toirobot.com\/en\/wp-json\/wp\/v2\/comments?post=3154"}],"version-history":[{"count":6,"href":"https:\/\/toirobot.com\/en\/wp-json\/wp\/v2\/product\/3154\/revisions"}],"predecessor-version":[{"id":3511,"href":"https:\/\/toirobot.com\/en\/wp-json\/wp\/v2\/product\/3154\/revisions\/3511"}],"wp:featuredmedia":[{"embeddable":true,"href":"https:\/\/toirobot.com\/en\/wp-json\/wp\/v2\/media\/3155"}],"wp:attachment":[{"href":"https:\/\/toirobot.com\/en\/wp-json\/wp\/v2\/media?parent=3154"}],"wp:term":[{"taxonomy":"product_brand","embeddable":true,"href":"https:\/\/toirobot.com\/en\/wp-json\/wp\/v2\/product_brand?post=3154"},{"taxonomy":"product_cat","embeddable":true,"href":"https:\/\/toirobot.com\/en\/wp-json\/wp\/v2\/product_cat?post=3154"},{"taxonomy":"product_tag","embeddable":true,"href":"https:\/\/toirobot.com\/en\/wp-json\/wp\/v2\/product_tag?post=3154"}],"curies":[{"name":"wp","href":"https:\/\/api.w.org\/{rel}","templated":true}]}}