{"id":3137,"date":"2023-12-12T14:15:13","date_gmt":"2023-12-12T20:15:13","guid":{"rendered":"https:\/\/toirobot.com\/?post_type=product&#038;p=3137"},"modified":"2023-12-18T16:51:01","modified_gmt":"2023-12-18T22:51:01","slug":"cems-4-x-5m","status":"publish","type":"product","link":"https:\/\/toirobot.com\/en\/product\/cems-4-x-5m\/","title":{"rendered":"CEMS 4 x 5m"},"content":{"rendered":"<h2><img decoding=\"async\" class=\"alignnone wp-image-2364\" src=\"https:\/\/toirobot.com\/wp-content\/uploads\/2023\/11\/Recurso-2@300x-300x300.png\" alt=\"\" width=\"64\" height=\"64\" srcset=\"https:\/\/toirobot.com\/wp-content\/uploads\/2023\/11\/Recurso-2@300x-300x300.png 300w, https:\/\/toirobot.com\/wp-content\/uploads\/2023\/11\/Recurso-2@300x-150x150.png 150w, https:\/\/toirobot.com\/wp-content\/uploads\/2023\/11\/Recurso-2@300x-100x100.png 100w, https:\/\/toirobot.com\/wp-content\/uploads\/2023\/11\/Recurso-2@300x.png 534w\" sizes=\"(max-width: 64px) 100vw, 64px\" \/>\u00a0<strong style=\"color: #1b2f4c;\">Garant\u00eda<\/strong><\/h2>\n<h6><u>Este equipo no entra en garant\u00eda<\/u><\/h6>","protected":false},"excerpt":{"rendered":"<h4>Descargar croquis<\/h4>\n<p>El CEMS 4x5m es un Centro de Estimulaci\u00f3n Multisensorial perfecto para un espacio con dimensiones de 4 metros por 5 metros. Est\u00e1 dise\u00f1ado para ofrecer un entorno terap\u00e9utico completo y vers\u00e1til que favorece el desarrollo sensorial, cognitivo y motor de los usuarios. Los equipos terap\u00e9uticos incluyen:<\/p>\n<p>1. Alberca Sensorial.<\/p>\n<p>2. Espejo Grande de Acr\u00edlico con Sistema de Protector de Seguridad.<\/p>\n<p>3. Columpio Hamaca Vestibular Capullo.<\/p>\n<p>4. Panel Infinito o Espejo sin Fin B\u00e1sico.<\/p>\n<p>5. Panel de Potencia de Voz.<\/p>\n<p>6. Proyector Aura.<\/p>\n<p>7. Botonera Inal\u00e1mbrica.<\/p>\n<p>8. Panel de Actividades Mixtas Est\u00e1ndar.<\/p>\n<p>9. Pasillo de Texturas Est\u00e1ndar.<\/p>\n<p>10. Piso Amortiguado Blanco.<\/p>\n<p>11. Pared Amortiguada.<\/p>\n<p>12. Espejo Mediano de Acr\u00edlico con Sistema Protector de Seguridad.<\/p>\n<p>13. Proyector de Estrellas en Movimiento y Nebulosa.<\/p>\n<p>14. Sistema de Control Universal Sensory Places + Sound Sensory System.<\/p>\n<p>15. Difusor de Aromas Port\u00e1til Aroma Smell.<\/p>\n<p>16. Tubo de Burbujas B\u00e1sico.<\/p>\n<p>17. Sill\u00f3n Puff.<\/p>\n<p>18. Paneles Reflectores de Luz .<\/p>\n<p>19. Fibra \u00d3ptica Cola de Caballo o Ramillete.<\/p>\n<h5><strong><a href=\"https:\/\/wa.link\/r26uv1\" target=\"_blank\" rel=\"noopener\">Solicita el croquis de instalaci\u00f3n el\u00e9ctrica en WhatsApp<\/a><\/strong><\/h5>","protected":false},"featured_media":3138,"comment_status":"open","ping_status":"closed","template":"","meta":{"_monsterinsights_skip_tracking":false,"_monsterinsights_sitenote_active":false,"_monsterinsights_sitenote_note":"","_monsterinsights_sitenote_category":0,"_joinchat":[]},"product_brand":[],"product_cat":[45],"product_tag":[48],"class_list":{"0":"post-3137","1":"product","2":"type-product","3":"status-publish","4":"has-post-thumbnail","6":"product_cat-cems","7":"product_tag-equipo-cems-2","9":"first","10":"instock","11":"taxable","12":"shipping-taxable","13":"product-type-simple"},"aioseo_notices":[],"_links":{"self":[{"href":"https:\/\/toirobot.com\/en\/wp-json\/wp\/v2\/product\/3137","targetHints":{"allow":["GET"]}}],"collection":[{"href":"https:\/\/toirobot.com\/en\/wp-json\/wp\/v2\/product"}],"about":[{"href":"https:\/\/toirobot.com\/en\/wp-json\/wp\/v2\/types\/product"}],"replies":[{"embeddable":true,"href":"https:\/\/toirobot.com\/en\/wp-json\/wp\/v2\/comments?post=3137"}],"version-history":[{"count":12,"href":"https:\/\/toirobot.com\/en\/wp-json\/wp\/v2\/product\/3137\/revisions"}],"predecessor-version":[{"id":3513,"href":"https:\/\/toirobot.com\/en\/wp-json\/wp\/v2\/product\/3137\/revisions\/3513"}],"wp:featuredmedia":[{"embeddable":true,"href":"https:\/\/toirobot.com\/en\/wp-json\/wp\/v2\/media\/3138"}],"wp:attachment":[{"href":"https:\/\/toirobot.com\/en\/wp-json\/wp\/v2\/media?parent=3137"}],"wp:term":[{"taxonomy":"product_brand","embeddable":true,"href":"https:\/\/toirobot.com\/en\/wp-json\/wp\/v2\/product_brand?post=3137"},{"taxonomy":"product_cat","embeddable":true,"href":"https:\/\/toirobot.com\/en\/wp-json\/wp\/v2\/product_cat?post=3137"},{"taxonomy":"product_tag","embeddable":true,"href":"https:\/\/toirobot.com\/en\/wp-json\/wp\/v2\/product_tag?post=3137"}],"curies":[{"name":"wp","href":"https:\/\/api.w.org\/{rel}","templated":true}]}}