{"id":3100,"date":"2023-12-12T11:21:00","date_gmt":"2023-12-12T17:21:00","guid":{"rendered":"https:\/\/toirobot.com\/?post_type=product&#038;p=3100"},"modified":"2024-06-19T15:49:56","modified_gmt":"2024-06-19T21:49:56","slug":"tubo-de-burbujas","status":"publish","type":"product","link":"https:\/\/toirobot.com\/en\/product\/tubo-de-burbujas\/","title":{"rendered":"Tubo de burbujas"},"content":{"rendered":"<h2><img decoding=\"async\" class=\"alignnone wp-image-2364\" src=\"https:\/\/toirobot.com\/wp-content\/uploads\/2023\/11\/Recurso-2@300x-300x300.png\" alt=\"\" width=\"64\" height=\"64\" srcset=\"https:\/\/toirobot.com\/wp-content\/uploads\/2023\/11\/Recurso-2@300x-300x300.png 300w, https:\/\/toirobot.com\/wp-content\/uploads\/2023\/11\/Recurso-2@300x-150x150.png 150w, https:\/\/toirobot.com\/wp-content\/uploads\/2023\/11\/Recurso-2@300x-100x100.png 100w, https:\/\/toirobot.com\/wp-content\/uploads\/2023\/11\/Recurso-2@300x.png 534w\" sizes=\"(max-width: 64px) 100vw, 64px\" \/>\u00a0<strong style=\"color: #1b2f4c;\">Garant\u00eda<\/strong><\/h2>\n<h6><u>12 meses contra defectos de fabricaci\u00f3n y vicios ocultos<\/u><\/h6>","protected":false},"excerpt":{"rendered":"<p>Tubo de burbujas de acr\u00edlico resistente, base blanca s\u00f3lida y estructura de madera. Genera burbujas y luz LED, ofrece terapia interactiva y seguridad con fijador de acero. Incluye accesorios opcionales y agua especial. F\u00e1cil instalaci\u00f3n y control con tecnolog\u00eda Sensy Magic.<\/p>\n<p>&nbsp;<\/p>\n<p><strong>Utilidad Terap\u00e9utica<\/strong><\/p>\n<p>Control de motor, atenci\u00f3n, memoria, seguimiento visual, relajaci\u00f3n, relaci\u00f3n causa y efecto, audici\u00f3n, aprendizaje. Favorece el control motor grueso de los ni\u00f1os en desarrollo del gateo y marcha, atenci\u00f3n de movimiento, tiempo de reacci\u00f3n, control de cabeza, cuello y tronco.<\/p>\n<p>&nbsp;<\/p>\n<p>Escoge la versi\u00f3n ideal que se adapte a tus preferencias.<\/p>","protected":false},"featured_media":3101,"comment_status":"open","ping_status":"closed","template":"","meta":{"_monsterinsights_skip_tracking":false,"_monsterinsights_sitenote_active":false,"_monsterinsights_sitenote_note":"","_monsterinsights_sitenote_category":0,"_joinchat":[]},"product_brand":[],"product_cat":[43],"product_tag":[48],"class_list":{"0":"post-3100","1":"product","2":"type-product","3":"status-publish","4":"has-post-thumbnail","6":"product_cat-equipo-cems","7":"product_tag-equipo-cems-2","9":"first","10":"instock","11":"taxable","12":"shipping-taxable","13":"product-type-simple"},"aioseo_notices":[],"_links":{"self":[{"href":"https:\/\/toirobot.com\/en\/wp-json\/wp\/v2\/product\/3100","targetHints":{"allow":["GET"]}}],"collection":[{"href":"https:\/\/toirobot.com\/en\/wp-json\/wp\/v2\/product"}],"about":[{"href":"https:\/\/toirobot.com\/en\/wp-json\/wp\/v2\/types\/product"}],"replies":[{"embeddable":true,"href":"https:\/\/toirobot.com\/en\/wp-json\/wp\/v2\/comments?post=3100"}],"version-history":[{"count":3,"href":"https:\/\/toirobot.com\/en\/wp-json\/wp\/v2\/product\/3100\/revisions"}],"predecessor-version":[{"id":3841,"href":"https:\/\/toirobot.com\/en\/wp-json\/wp\/v2\/product\/3100\/revisions\/3841"}],"wp:featuredmedia":[{"embeddable":true,"href":"https:\/\/toirobot.com\/en\/wp-json\/wp\/v2\/media\/3101"}],"wp:attachment":[{"href":"https:\/\/toirobot.com\/en\/wp-json\/wp\/v2\/media?parent=3100"}],"wp:term":[{"taxonomy":"product_brand","embeddable":true,"href":"https:\/\/toirobot.com\/en\/wp-json\/wp\/v2\/product_brand?post=3100"},{"taxonomy":"product_cat","embeddable":true,"href":"https:\/\/toirobot.com\/en\/wp-json\/wp\/v2\/product_cat?post=3100"},{"taxonomy":"product_tag","embeddable":true,"href":"https:\/\/toirobot.com\/en\/wp-json\/wp\/v2\/product_tag?post=3100"}],"curies":[{"name":"wp","href":"https:\/\/api.w.org\/{rel}","templated":true}]}}