{"id":2979,"date":"2023-11-28T12:38:29","date_gmt":"2023-11-28T18:38:29","guid":{"rendered":"https:\/\/toirobot.com\/?post_type=product&#038;p=2979"},"modified":"2024-06-19T16:11:45","modified_gmt":"2024-06-19T22:11:45","slug":"tubo-de-burbujas-para-adulto-mayor","status":"publish","type":"product","link":"https:\/\/toirobot.com\/en\/product\/tubo-de-burbujas-para-adulto-mayor\/","title":{"rendered":"Tubo de Burbujas para Adulto Mayor"},"content":{"rendered":"<h2><img decoding=\"async\" class=\"alignnone wp-image-2364\" src=\"https:\/\/toirobot.com\/wp-content\/uploads\/2023\/11\/Recurso-2@300x-300x300.png\" alt=\"\" width=\"64\" height=\"64\" srcset=\"https:\/\/toirobot.com\/wp-content\/uploads\/2023\/11\/Recurso-2@300x-300x300.png 300w, https:\/\/toirobot.com\/wp-content\/uploads\/2023\/11\/Recurso-2@300x-150x150.png 150w, https:\/\/toirobot.com\/wp-content\/uploads\/2023\/11\/Recurso-2@300x-100x100.png 100w, https:\/\/toirobot.com\/wp-content\/uploads\/2023\/11\/Recurso-2@300x.png 534w\" sizes=\"(max-width: 64px) 100vw, 64px\" \/>\u00a0<strong style=\"color: #1b2f4c;\">Garant\u00eda<\/strong><\/h2>\n<h6><u>12 meses contra defectos de fabricaci\u00f3n y vicios ocultos<\/u><\/h6>","protected":false},"excerpt":{"rendered":"<p>Incluye un tubo de acr\u00edlico de 15 cm de di\u00e1metro y 200 cm de altura, con una base amortiguada para acceso en silla de ruedas, andadera o a pie, y capacidad para hasta 2 pacientes. Ofrece actividades terap\u00e9uticas, vibraci\u00f3n, iluminaci\u00f3n LED, peces artificiales y un sistema de control. Funciona con 120V\/60Hz y 220V\/50Hz, con garant\u00eda de 12 meses. Requiere instalaci\u00f3n especializada (se cotiza por separado). Accesorios adicionales disponibles a solicitud.<\/p>\n<p>&nbsp;<\/p>\n<p><strong>Tiempo de entrega: 45 d\u00edas L.A.B. (F.O.B.)<\/strong><\/p>\n<p><strong>Dimensiones m\u00e1ximas: 15 cm de di\u00e1metro, 200 cm (altura)<br \/>\n<\/strong><\/p>\n<p><strong>Peso:\u00a0 kg<\/strong><\/p>","protected":false},"featured_media":2980,"comment_status":"open","ping_status":"closed","template":"","meta":{"_monsterinsights_skip_tracking":false,"_monsterinsights_sitenote_active":false,"_monsterinsights_sitenote_note":"","_monsterinsights_sitenote_category":0,"_joinchat":[]},"product_brand":[],"product_cat":[43],"product_tag":[44],"class_list":{"0":"post-2979","1":"product","2":"type-product","3":"status-publish","4":"has-post-thumbnail","6":"product_cat-equipo-cems","7":"product_tag-personalizado","9":"first","10":"instock","11":"taxable","12":"shipping-taxable","13":"product-type-simple"},"aioseo_notices":[],"_links":{"self":[{"href":"https:\/\/toirobot.com\/en\/wp-json\/wp\/v2\/product\/2979","targetHints":{"allow":["GET"]}}],"collection":[{"href":"https:\/\/toirobot.com\/en\/wp-json\/wp\/v2\/product"}],"about":[{"href":"https:\/\/toirobot.com\/en\/wp-json\/wp\/v2\/types\/product"}],"replies":[{"embeddable":true,"href":"https:\/\/toirobot.com\/en\/wp-json\/wp\/v2\/comments?post=2979"}],"version-history":[{"count":3,"href":"https:\/\/toirobot.com\/en\/wp-json\/wp\/v2\/product\/2979\/revisions"}],"predecessor-version":[{"id":3849,"href":"https:\/\/toirobot.com\/en\/wp-json\/wp\/v2\/product\/2979\/revisions\/3849"}],"wp:featuredmedia":[{"embeddable":true,"href":"https:\/\/toirobot.com\/en\/wp-json\/wp\/v2\/media\/2980"}],"wp:attachment":[{"href":"https:\/\/toirobot.com\/en\/wp-json\/wp\/v2\/media?parent=2979"}],"wp:term":[{"taxonomy":"product_brand","embeddable":true,"href":"https:\/\/toirobot.com\/en\/wp-json\/wp\/v2\/product_brand?post=2979"},{"taxonomy":"product_cat","embeddable":true,"href":"https:\/\/toirobot.com\/en\/wp-json\/wp\/v2\/product_cat?post=2979"},{"taxonomy":"product_tag","embeddable":true,"href":"https:\/\/toirobot.com\/en\/wp-json\/wp\/v2\/product_tag?post=2979"}],"curies":[{"name":"wp","href":"https:\/\/api.w.org\/{rel}","templated":true}]}}