{"id":2966,"date":"2023-11-28T10:17:49","date_gmt":"2023-11-28T16:17:49","guid":{"rendered":"https:\/\/toirobot.com\/?post_type=product&#038;p=2966"},"modified":"2024-06-19T17:46:02","modified_gmt":"2024-06-19T23:46:02","slug":"pasillo-de-texturas-estandar","status":"publish","type":"product","link":"https:\/\/toirobot.com\/en\/product\/pasillo-de-texturas-estandar\/","title":{"rendered":"Pasillo de Texturas Est\u00e1ndar"},"content":{"rendered":"<h2><img decoding=\"async\" class=\"alignnone wp-image-2364\" src=\"https:\/\/toirobot.com\/wp-content\/uploads\/2023\/11\/Recurso-2@300x-300x300.png\" alt=\"\" width=\"64\" height=\"64\" srcset=\"https:\/\/toirobot.com\/wp-content\/uploads\/2023\/11\/Recurso-2@300x-300x300.png 300w, https:\/\/toirobot.com\/wp-content\/uploads\/2023\/11\/Recurso-2@300x-150x150.png 150w, https:\/\/toirobot.com\/wp-content\/uploads\/2023\/11\/Recurso-2@300x-100x100.png 100w, https:\/\/toirobot.com\/wp-content\/uploads\/2023\/11\/Recurso-2@300x.png 534w\" sizes=\"(max-width: 64px) 100vw, 64px\" \/>\u00a0<strong style=\"color: #1b2f4c;\">Garant\u00eda<\/strong><\/h2>\n<h6><u>12 meses contra defectos de fabricaci\u00f3n y vicios ocultos<\/u><\/h6>","protected":false},"excerpt":{"rendered":"<p>Con 8 texturas premium como pl\u00e1stico, cristal, piedra, alfombra, hule, ladrillo, tela, peluche, madera o metal, este conjunto se encuentra en una base s\u00f3lida. Cada m\u00f3dulo es vers\u00e1til, pudiendo ser utilizado individualmente, en forma de pasillo o en diferentes posiciones terap\u00e9uticas. Incluye 8 testigos de mano, uno para cada textura, ideal para el entrenamiento de la memoria t\u00e1ctil, reconocimiento visual y t\u00e1ctil mano-pie.<\/p>\n<p>&nbsp;<\/p>\n<p><strong>Tiempo de entrega: 45 d\u00edas L.A.B. (F.O.B.)<\/strong><\/p>\n<p><strong>Dimensiones m\u00e1ximas: de 35 cm (alto), 35 cm (largo)<br \/>\n<\/strong><\/p>\n<p><strong>Peso:\u00a0 kg<\/strong><\/p>","protected":false},"featured_media":2967,"comment_status":"open","ping_status":"closed","template":"","meta":{"_monsterinsights_skip_tracking":false,"_monsterinsights_sitenote_active":false,"_monsterinsights_sitenote_note":"","_monsterinsights_sitenote_category":0,"_joinchat":[]},"product_brand":[],"product_cat":[43],"product_tag":[],"class_list":{"0":"post-2966","1":"product","2":"type-product","3":"status-publish","4":"has-post-thumbnail","6":"product_cat-equipo-cems","8":"first","9":"instock","10":"taxable","11":"shipping-taxable","12":"product-type-simple"},"aioseo_notices":[],"_links":{"self":[{"href":"https:\/\/toirobot.com\/en\/wp-json\/wp\/v2\/product\/2966","targetHints":{"allow":["GET"]}}],"collection":[{"href":"https:\/\/toirobot.com\/en\/wp-json\/wp\/v2\/product"}],"about":[{"href":"https:\/\/toirobot.com\/en\/wp-json\/wp\/v2\/types\/product"}],"replies":[{"embeddable":true,"href":"https:\/\/toirobot.com\/en\/wp-json\/wp\/v2\/comments?post=2966"}],"version-history":[{"count":3,"href":"https:\/\/toirobot.com\/en\/wp-json\/wp\/v2\/product\/2966\/revisions"}],"predecessor-version":[{"id":3856,"href":"https:\/\/toirobot.com\/en\/wp-json\/wp\/v2\/product\/2966\/revisions\/3856"}],"wp:featuredmedia":[{"embeddable":true,"href":"https:\/\/toirobot.com\/en\/wp-json\/wp\/v2\/media\/2967"}],"wp:attachment":[{"href":"https:\/\/toirobot.com\/en\/wp-json\/wp\/v2\/media?parent=2966"}],"wp:term":[{"taxonomy":"product_brand","embeddable":true,"href":"https:\/\/toirobot.com\/en\/wp-json\/wp\/v2\/product_brand?post=2966"},{"taxonomy":"product_cat","embeddable":true,"href":"https:\/\/toirobot.com\/en\/wp-json\/wp\/v2\/product_cat?post=2966"},{"taxonomy":"product_tag","embeddable":true,"href":"https:\/\/toirobot.com\/en\/wp-json\/wp\/v2\/product_tag?post=2966"}],"curies":[{"name":"wp","href":"https:\/\/api.w.org\/{rel}","templated":true}]}}