{"id":2921,"date":"2023-11-27T14:40:00","date_gmt":"2023-11-27T20:40:00","guid":{"rendered":"https:\/\/toirobot.com\/?post_type=product&#038;p=2921"},"modified":"2024-06-19T17:55:31","modified_gmt":"2024-06-19T23:55:31","slug":"panel-de-potencia-de-voz-personalizado","status":"publish","type":"product","link":"https:\/\/toirobot.com\/en\/product\/panel-de-potencia-de-voz-personalizado\/","title":{"rendered":"Panel de Potencia de Voz Personalizado"},"content":{"rendered":"<h2><img decoding=\"async\" class=\"alignnone wp-image-2364\" src=\"https:\/\/toirobot.com\/wp-content\/uploads\/2023\/11\/Recurso-2@300x-300x300.png\" alt=\"\" width=\"64\" height=\"64\" srcset=\"https:\/\/toirobot.com\/wp-content\/uploads\/2023\/11\/Recurso-2@300x-300x300.png 300w, https:\/\/toirobot.com\/wp-content\/uploads\/2023\/11\/Recurso-2@300x-150x150.png 150w, https:\/\/toirobot.com\/wp-content\/uploads\/2023\/11\/Recurso-2@300x-100x100.png 100w, https:\/\/toirobot.com\/wp-content\/uploads\/2023\/11\/Recurso-2@300x.png 534w\" sizes=\"(max-width: 64px) 100vw, 64px\" \/>\u00a0<strong style=\"color: #1b2f4c;\">Garant\u00eda<\/strong><\/h2>\n<h6><u>12 meses contra defectos de fabricaci\u00f3n y vicios ocultos<\/u><\/h6>","protected":false},"excerpt":{"rendered":"<p>Panel interactivo con 10 franjas de colores sensibles al sonido. Incorpora micr\u00f3fono, botones de acci\u00f3n y tecnolog\u00eda Sim\u00f3n Dice para terapia multisensorial. Con opciones de control mediante App, Tableta o Cubo Sensy Magic, instalaci\u00f3n simple y garant\u00eda de 12 meses.<\/p>\n<p>&nbsp;<\/p>\n<p><strong>Tiempo de entrega: 45 d\u00edas L.A.B. (F.O.B.)<\/strong><\/p>\n<p><strong>Dimensiones m\u00e1ximas: 80 cm (ancho), 100 cm (largo)<br \/>\n<\/strong><\/p>\n<p><strong>Peso:\u00a0 kg<\/strong><\/p>","protected":false},"featured_media":2922,"comment_status":"open","ping_status":"closed","template":"","meta":{"_monsterinsights_skip_tracking":false,"_monsterinsights_sitenote_active":false,"_monsterinsights_sitenote_note":"","_monsterinsights_sitenote_category":0,"_joinchat":[]},"product_brand":[],"product_cat":[43],"product_tag":[],"class_list":{"0":"post-2921","1":"product","2":"type-product","3":"status-publish","4":"has-post-thumbnail","6":"product_cat-equipo-cems","8":"first","9":"instock","10":"taxable","11":"shipping-taxable","12":"product-type-simple"},"aioseo_notices":[],"_links":{"self":[{"href":"https:\/\/toirobot.com\/en\/wp-json\/wp\/v2\/product\/2921","targetHints":{"allow":["GET"]}}],"collection":[{"href":"https:\/\/toirobot.com\/en\/wp-json\/wp\/v2\/product"}],"about":[{"href":"https:\/\/toirobot.com\/en\/wp-json\/wp\/v2\/types\/product"}],"replies":[{"embeddable":true,"href":"https:\/\/toirobot.com\/en\/wp-json\/wp\/v2\/comments?post=2921"}],"version-history":[{"count":3,"href":"https:\/\/toirobot.com\/en\/wp-json\/wp\/v2\/product\/2921\/revisions"}],"predecessor-version":[{"id":3879,"href":"https:\/\/toirobot.com\/en\/wp-json\/wp\/v2\/product\/2921\/revisions\/3879"}],"wp:featuredmedia":[{"embeddable":true,"href":"https:\/\/toirobot.com\/en\/wp-json\/wp\/v2\/media\/2922"}],"wp:attachment":[{"href":"https:\/\/toirobot.com\/en\/wp-json\/wp\/v2\/media?parent=2921"}],"wp:term":[{"taxonomy":"product_brand","embeddable":true,"href":"https:\/\/toirobot.com\/en\/wp-json\/wp\/v2\/product_brand?post=2921"},{"taxonomy":"product_cat","embeddable":true,"href":"https:\/\/toirobot.com\/en\/wp-json\/wp\/v2\/product_cat?post=2921"},{"taxonomy":"product_tag","embeddable":true,"href":"https:\/\/toirobot.com\/en\/wp-json\/wp\/v2\/product_tag?post=2921"}],"curies":[{"name":"wp","href":"https:\/\/api.w.org\/{rel}","templated":true}]}}