{"id":2897,"date":"2023-11-27T10:12:16","date_gmt":"2023-11-27T16:12:16","guid":{"rendered":"https:\/\/toirobot.com\/?post_type=product&#038;p=2897"},"modified":"2024-06-19T18:00:37","modified_gmt":"2024-06-20T00:00:37","slug":"columpio-hamaca-vestibular","status":"publish","type":"product","link":"https:\/\/toirobot.com\/en\/product\/columpio-hamaca-vestibular\/","title":{"rendered":"Columpio Hamaca Vestibular"},"content":{"rendered":"<h2><img decoding=\"async\" class=\"alignnone wp-image-2364\" src=\"https:\/\/toirobot.com\/wp-content\/uploads\/2023\/11\/Recurso-2@300x-300x300.png\" alt=\"\" width=\"64\" height=\"64\" srcset=\"https:\/\/toirobot.com\/wp-content\/uploads\/2023\/11\/Recurso-2@300x-300x300.png 300w, https:\/\/toirobot.com\/wp-content\/uploads\/2023\/11\/Recurso-2@300x-150x150.png 150w, https:\/\/toirobot.com\/wp-content\/uploads\/2023\/11\/Recurso-2@300x-100x100.png 100w, https:\/\/toirobot.com\/wp-content\/uploads\/2023\/11\/Recurso-2@300x.png 534w\" sizes=\"(max-width: 64px) 100vw, 64px\" \/>\u00a0<strong style=\"color: #1b2f4c;\">Garant\u00eda<\/strong><\/h2>\n<h6><u>12 meses contra defectos de fabricaci\u00f3n y vicios ocultos<\/u><\/h6>","protected":false},"excerpt":{"rendered":"<p>Fabricado con tela resistente y agradable al tacto, este producto consta de 2 piezas: un forro en forma de capullo y una base tipo puff. Incluye herrajes para instalaci\u00f3n en concreto y tiene una capacidad m\u00e1xima de 90 kg. Requiere instalaci\u00f3n por personal calificado (se cotiza por separado).<\/p>\n<p>&nbsp;<\/p>\n<p><strong>Tiempo de entrega: 45 d\u00edas L.A.B. (F.O.B.)<\/strong><\/p>\n<p><b>Dimensiones m\u00e1ximas: 50 cm de di\u00e1metro,\u00a0 150 cm (alto)<\/b><\/p>\n<p><strong>Peso:\u00a0 kg<\/strong><\/p>","protected":false},"featured_media":2898,"comment_status":"open","ping_status":"closed","template":"","meta":{"_monsterinsights_skip_tracking":false,"_monsterinsights_sitenote_active":false,"_monsterinsights_sitenote_note":"","_monsterinsights_sitenote_category":0,"_joinchat":[]},"product_brand":[],"product_cat":[43],"product_tag":[],"class_list":{"0":"post-2897","1":"product","2":"type-product","3":"status-publish","4":"has-post-thumbnail","6":"product_cat-equipo-cems","8":"first","9":"instock","10":"taxable","11":"shipping-taxable","12":"product-type-simple"},"aioseo_notices":[],"_links":{"self":[{"href":"https:\/\/toirobot.com\/en\/wp-json\/wp\/v2\/product\/2897","targetHints":{"allow":["GET"]}}],"collection":[{"href":"https:\/\/toirobot.com\/en\/wp-json\/wp\/v2\/product"}],"about":[{"href":"https:\/\/toirobot.com\/en\/wp-json\/wp\/v2\/types\/product"}],"replies":[{"embeddable":true,"href":"https:\/\/toirobot.com\/en\/wp-json\/wp\/v2\/comments?post=2897"}],"version-history":[{"count":2,"href":"https:\/\/toirobot.com\/en\/wp-json\/wp\/v2\/product\/2897\/revisions"}],"predecessor-version":[{"id":3888,"href":"https:\/\/toirobot.com\/en\/wp-json\/wp\/v2\/product\/2897\/revisions\/3888"}],"wp:featuredmedia":[{"embeddable":true,"href":"https:\/\/toirobot.com\/en\/wp-json\/wp\/v2\/media\/2898"}],"wp:attachment":[{"href":"https:\/\/toirobot.com\/en\/wp-json\/wp\/v2\/media?parent=2897"}],"wp:term":[{"taxonomy":"product_brand","embeddable":true,"href":"https:\/\/toirobot.com\/en\/wp-json\/wp\/v2\/product_brand?post=2897"},{"taxonomy":"product_cat","embeddable":true,"href":"https:\/\/toirobot.com\/en\/wp-json\/wp\/v2\/product_cat?post=2897"},{"taxonomy":"product_tag","embeddable":true,"href":"https:\/\/toirobot.com\/en\/wp-json\/wp\/v2\/product_tag?post=2897"}],"curies":[{"name":"wp","href":"https:\/\/api.w.org\/{rel}","templated":true}]}}