{"id":2864,"date":"2023-11-24T15:03:00","date_gmt":"2023-11-24T21:03:00","guid":{"rendered":"https:\/\/toirobot.com\/?post_type=product&#038;p=2864"},"modified":"2023-12-12T11:22:46","modified_gmt":"2023-12-12T17:22:46","slug":"rampa-para-alberca-sensorial-copy","status":"publish","type":"product","link":"https:\/\/toirobot.com\/en\/product\/rampa-para-alberca-sensorial-copy\/","title":{"rendered":"Tubo de Burbujas Est\u00e1ndar"},"content":{"rendered":"<h2><a href=\"https:\/\/toirobot.com\/en\/garantia-alberca-de-pelotas\/\" target=\"_blank\" rel=\"noopener\"><img decoding=\"async\" class=\"alignnone wp-image-2364\" src=\"https:\/\/toirobot.com\/wp-content\/uploads\/2023\/11\/Recurso-2@300x-300x300.png\" alt=\"\" width=\"64\" height=\"64\" srcset=\"https:\/\/toirobot.com\/wp-content\/uploads\/2023\/11\/Recurso-2@300x-300x300.png 300w, https:\/\/toirobot.com\/wp-content\/uploads\/2023\/11\/Recurso-2@300x-150x150.png 150w, https:\/\/toirobot.com\/wp-content\/uploads\/2023\/11\/Recurso-2@300x-100x100.png 100w, https:\/\/toirobot.com\/wp-content\/uploads\/2023\/11\/Recurso-2@300x.png 534w\" sizes=\"(max-width: 64px) 100vw, 64px\" \/><\/a>\u00a0<strong style=\"color: #1b2f4c;\">Garant\u00eda<\/strong><\/h2>\n<h6><u>Este equipo no entra en garant\u00eda<\/u><\/h6>","protected":false},"excerpt":{"rendered":"<p>Tubo de burbujas de acr\u00edlico resistente, base blanca s\u00f3lida y estructura de madera. Genera burbujas y luz LED, ofrece terapia interactiva y seguridad con fijador de acero. Incluye accesorios opcionales y agua especial. F\u00e1cil instalaci\u00f3n y control con tecnolog\u00eda Sensy Magic.<\/p>\n<p>&nbsp;<\/p>\n<p>Ver caracter\u00edsticas generales.<\/p>\n<p>Ver ficha t\u00e9cnica.<\/p>\n<p>&nbsp;<\/p>\n<p><strong>Tiempo de entrega: 45 d\u00edas L.A.B. (F.O.B.)<\/strong><\/p>\n<p><strong>Dimensiones m\u00e1ximas: 15 cm (di\u00e1metro), 200 cm (altura).<br \/>\n<\/strong><\/p>\n<p><strong>Peso:\u00a0 kg<\/strong><\/p>\n<p>&nbsp;<\/p>\n<h2><strong>\u00a1Descarga tu cotizaci\u00f3n aqu\u00ed!<\/strong><\/h2>","protected":false},"featured_media":2874,"comment_status":"open","ping_status":"closed","template":"","meta":{"_monsterinsights_skip_tracking":false,"_monsterinsights_sitenote_active":false,"_monsterinsights_sitenote_note":"","_monsterinsights_sitenote_category":0,"_joinchat":[]},"product_brand":[],"product_cat":[21],"product_tag":[],"class_list":{"0":"post-2864","1":"product","2":"type-product","3":"status-publish","4":"has-post-thumbnail","6":"product_cat-uncategorized","8":"first","9":"instock","10":"taxable","11":"shipping-taxable","12":"product-type-simple"},"aioseo_notices":[],"_links":{"self":[{"href":"https:\/\/toirobot.com\/en\/wp-json\/wp\/v2\/product\/2864","targetHints":{"allow":["GET"]}}],"collection":[{"href":"https:\/\/toirobot.com\/en\/wp-json\/wp\/v2\/product"}],"about":[{"href":"https:\/\/toirobot.com\/en\/wp-json\/wp\/v2\/types\/product"}],"replies":[{"embeddable":true,"href":"https:\/\/toirobot.com\/en\/wp-json\/wp\/v2\/comments?post=2864"}],"version-history":[{"count":6,"href":"https:\/\/toirobot.com\/en\/wp-json\/wp\/v2\/product\/2864\/revisions"}],"predecessor-version":[{"id":2876,"href":"https:\/\/toirobot.com\/en\/wp-json\/wp\/v2\/product\/2864\/revisions\/2876"}],"wp:featuredmedia":[{"embeddable":true,"href":"https:\/\/toirobot.com\/en\/wp-json\/wp\/v2\/media\/2874"}],"wp:attachment":[{"href":"https:\/\/toirobot.com\/en\/wp-json\/wp\/v2\/media?parent=2864"}],"wp:term":[{"taxonomy":"product_brand","embeddable":true,"href":"https:\/\/toirobot.com\/en\/wp-json\/wp\/v2\/product_brand?post=2864"},{"taxonomy":"product_cat","embeddable":true,"href":"https:\/\/toirobot.com\/en\/wp-json\/wp\/v2\/product_cat?post=2864"},{"taxonomy":"product_tag","embeddable":true,"href":"https:\/\/toirobot.com\/en\/wp-json\/wp\/v2\/product_tag?post=2864"}],"curies":[{"name":"wp","href":"https:\/\/api.w.org\/{rel}","templated":true}]}}