{"id":2857,"date":"2023-11-24T14:56:52","date_gmt":"2023-11-24T20:56:52","guid":{"rendered":"https:\/\/toirobot.com\/?post_type=product&#038;p=2857"},"modified":"2024-06-19T18:02:40","modified_gmt":"2024-06-20T00:02:40","slug":"escalera-para-alberca-sensorial","status":"publish","type":"product","link":"https:\/\/toirobot.com\/en\/product\/escalera-para-alberca-sensorial\/","title":{"rendered":"Escalera para Alberca Sensorial"},"content":{"rendered":"<h2><a href=\"https:\/\/toirobot.com\/en\/garantia-alberca-de-pelotas\/\" target=\"_blank\" rel=\"noopener\"><img decoding=\"async\" class=\"alignnone wp-image-2364\" src=\"https:\/\/toirobot.com\/wp-content\/uploads\/2023\/11\/Recurso-2@300x-300x300.png\" alt=\"\" width=\"64\" height=\"64\" srcset=\"https:\/\/toirobot.com\/wp-content\/uploads\/2023\/11\/Recurso-2@300x-300x300.png 300w, https:\/\/toirobot.com\/wp-content\/uploads\/2023\/11\/Recurso-2@300x-150x150.png 150w, https:\/\/toirobot.com\/wp-content\/uploads\/2023\/11\/Recurso-2@300x-100x100.png 100w, https:\/\/toirobot.com\/wp-content\/uploads\/2023\/11\/Recurso-2@300x.png 534w\" sizes=\"(max-width: 64px) 100vw, 64px\" \/><\/a>\u00a0<strong style=\"color: #1b2f4c;\">Garant\u00eda<\/strong><\/h2>\n<h6><u>12 meses contra defectos de fabricaci\u00f3n y vicios ocultos<\/u><\/h6>","protected":false},"excerpt":{"rendered":"<p>Construcci\u00f3n robusta en madera importada, recubierta de hule espuma de alta densidad y vinilo con propiedades antis\u00e9pticas, repelente a hongos y altamente duradero. Su suave textura ofrece un contacto agradable con la piel, mientras que su dise\u00f1o facilita una desinfecci\u00f3n efectiva y sin complicaciones. Adem\u00e1s, permite la elecci\u00f3n de un color exterior entre blanco, rojo, azul, verde o amarillo.<\/p>\n<p>&nbsp;<\/p>\n<p><strong>Utilidad terap\u00e9utica<\/strong><\/p>\n<p>Estimulaci\u00f3n m\u00faltiple sensorial, entrenamiento psicomotriz, movimiento voluntario, estimulaci\u00f3n t\u00e1ctil, equilibrio, propiocepci\u00f3n.<\/p>\n<p>&nbsp;<\/p>\n<p><strong>Tiempo de entrega: 45 d\u00edas L.A.B. (F.O.B.)<\/strong><\/p>\n<p><strong>Dimensiones m\u00e1ximas: 60 cm (ancho), 110 cm (largo), con 3 escalones de 15 cm de altura.<br \/>\n<\/strong><\/p>\n<p><strong>Peso: 21.10 kg<\/strong><\/p>","protected":false},"featured_media":2859,"comment_status":"open","ping_status":"closed","template":"","meta":{"_monsterinsights_skip_tracking":false,"_monsterinsights_sitenote_active":false,"_monsterinsights_sitenote_note":"","_monsterinsights_sitenote_category":0,"_joinchat":[]},"product_brand":[],"product_cat":[43],"product_tag":[],"class_list":{"0":"post-2857","1":"product","2":"type-product","3":"status-publish","4":"has-post-thumbnail","6":"product_cat-equipo-cems","8":"first","9":"instock","10":"taxable","11":"shipping-taxable","12":"product-type-simple"},"aioseo_notices":[],"_links":{"self":[{"href":"https:\/\/toirobot.com\/en\/wp-json\/wp\/v2\/product\/2857","targetHints":{"allow":["GET"]}}],"collection":[{"href":"https:\/\/toirobot.com\/en\/wp-json\/wp\/v2\/product"}],"about":[{"href":"https:\/\/toirobot.com\/en\/wp-json\/wp\/v2\/types\/product"}],"replies":[{"embeddable":true,"href":"https:\/\/toirobot.com\/en\/wp-json\/wp\/v2\/comments?post=2857"}],"version-history":[{"count":3,"href":"https:\/\/toirobot.com\/en\/wp-json\/wp\/v2\/product\/2857\/revisions"}],"predecessor-version":[{"id":3898,"href":"https:\/\/toirobot.com\/en\/wp-json\/wp\/v2\/product\/2857\/revisions\/3898"}],"wp:featuredmedia":[{"embeddable":true,"href":"https:\/\/toirobot.com\/en\/wp-json\/wp\/v2\/media\/2859"}],"wp:attachment":[{"href":"https:\/\/toirobot.com\/en\/wp-json\/wp\/v2\/media?parent=2857"}],"wp:term":[{"taxonomy":"product_brand","embeddable":true,"href":"https:\/\/toirobot.com\/en\/wp-json\/wp\/v2\/product_brand?post=2857"},{"taxonomy":"product_cat","embeddable":true,"href":"https:\/\/toirobot.com\/en\/wp-json\/wp\/v2\/product_cat?post=2857"},{"taxonomy":"product_tag","embeddable":true,"href":"https:\/\/toirobot.com\/en\/wp-json\/wp\/v2\/product_tag?post=2857"}],"curies":[{"name":"wp","href":"https:\/\/api.w.org\/{rel}","templated":true}]}}