{"id":2839,"date":"2023-11-24T11:39:03","date_gmt":"2023-11-24T17:39:03","guid":{"rendered":"https:\/\/toirobot.com\/?post_type=product&#038;p=2839"},"modified":"2023-12-11T17:57:39","modified_gmt":"2023-12-11T23:57:39","slug":"alberca-sensorial","status":"publish","type":"product","link":"https:\/\/toirobot.com\/en\/product\/alberca-sensorial\/","title":{"rendered":"Alberca Sensorial 130"},"content":{"rendered":"<h2><a href=\"https:\/\/toirobot.com\/en\/garantia-alberca-de-pelotas\/\" target=\"_blank\" rel=\"noopener\"><img decoding=\"async\" class=\"alignnone wp-image-2364\" src=\"https:\/\/toirobot.com\/wp-content\/uploads\/2023\/11\/Recurso-2@300x-300x300.png\" alt=\"\" width=\"64\" height=\"64\" srcset=\"https:\/\/toirobot.com\/wp-content\/uploads\/2023\/11\/Recurso-2@300x-300x300.png 300w, https:\/\/toirobot.com\/wp-content\/uploads\/2023\/11\/Recurso-2@300x-150x150.png 150w, https:\/\/toirobot.com\/wp-content\/uploads\/2023\/11\/Recurso-2@300x-100x100.png 100w, https:\/\/toirobot.com\/wp-content\/uploads\/2023\/11\/Recurso-2@300x.png 534w\" sizes=\"(max-width: 64px) 100vw, 64px\" \/><\/a>\u00a0<strong style=\"color: #1b2f4c;\">Garant\u00eda<\/strong><\/h2>\n<h6><u>Este equipo no entra en garant\u00eda<\/u><\/h6>\n<p>&nbsp;<\/p>","protected":false},"excerpt":{"rendered":"<p>El nado en la alberca de pelotas es una actividad terap\u00e9utica que, a trav\u00e9s de la diversi\u00f3n y la interacci\u00f3n con el entorno, ayuda a los ni\u00f1os a desarrollar un mayor control sobre su cuerpo y, al mismo tiempo, mejora su autoconfianza.<\/p>\n<p>&nbsp;<\/p>\n<p>Ver caracter\u00edsticas generales.<\/p>\n<p>Ver ficha t\u00e9cnica.<\/p>\n<p>&nbsp;<\/p>\n<p><strong>Utilidad terap\u00e9utica<\/strong><\/p>\n<p>Estimulaci\u00f3n m\u00faltiple sensorial, entrenamiento psicomotriz, movimiento voluntario, estimulaci\u00f3n t\u00e1ctil, equilibrio, propiocepci\u00f3n.<\/p>\n<p>&nbsp;<\/p>\n<p><strong>Tiempo de entrega: 45 d\u00edas L.A.B. (F.O.B.)<\/strong><\/p>\n<p><strong>Dimensiones: 130 cm (largo), 130 cm (ancho), 60 cm (alto)<\/strong><\/p>\n<p><strong>Peso: 21.10 kg<\/strong><\/p>\n<p>&nbsp;<\/p>\n<h2><strong>\u00a1Descarga tu cotizaci\u00f3n aqu\u00ed!<\/strong><\/h2>","protected":false},"featured_media":2840,"comment_status":"open","ping_status":"closed","template":"","meta":{"_monsterinsights_skip_tracking":false,"_monsterinsights_sitenote_active":false,"_monsterinsights_sitenote_note":"","_monsterinsights_sitenote_category":0,"_joinchat":[]},"product_brand":[],"product_cat":[21],"product_tag":[],"class_list":{"0":"post-2839","1":"product","2":"type-product","3":"status-publish","4":"has-post-thumbnail","6":"product_cat-uncategorized","8":"first","9":"instock","10":"taxable","11":"shipping-taxable","12":"product-type-simple"},"aioseo_notices":[],"_links":{"self":[{"href":"https:\/\/toirobot.com\/en\/wp-json\/wp\/v2\/product\/2839","targetHints":{"allow":["GET"]}}],"collection":[{"href":"https:\/\/toirobot.com\/en\/wp-json\/wp\/v2\/product"}],"about":[{"href":"https:\/\/toirobot.com\/en\/wp-json\/wp\/v2\/types\/product"}],"replies":[{"embeddable":true,"href":"https:\/\/toirobot.com\/en\/wp-json\/wp\/v2\/comments?post=2839"}],"version-history":[{"count":3,"href":"https:\/\/toirobot.com\/en\/wp-json\/wp\/v2\/product\/2839\/revisions"}],"predecessor-version":[{"id":2849,"href":"https:\/\/toirobot.com\/en\/wp-json\/wp\/v2\/product\/2839\/revisions\/2849"}],"wp:featuredmedia":[{"embeddable":true,"href":"https:\/\/toirobot.com\/en\/wp-json\/wp\/v2\/media\/2840"}],"wp:attachment":[{"href":"https:\/\/toirobot.com\/en\/wp-json\/wp\/v2\/media?parent=2839"}],"wp:term":[{"taxonomy":"product_brand","embeddable":true,"href":"https:\/\/toirobot.com\/en\/wp-json\/wp\/v2\/product_brand?post=2839"},{"taxonomy":"product_cat","embeddable":true,"href":"https:\/\/toirobot.com\/en\/wp-json\/wp\/v2\/product_cat?post=2839"},{"taxonomy":"product_tag","embeddable":true,"href":"https:\/\/toirobot.com\/en\/wp-json\/wp\/v2\/product_tag?post=2839"}],"curies":[{"name":"wp","href":"https:\/\/api.w.org\/{rel}","templated":true}]}}