{"id":2000,"date":"2023-10-23T11:55:28","date_gmt":"2023-10-23T17:55:28","guid":{"rendered":"https:\/\/toirobot.com\/?post_type=product&#038;p=2000"},"modified":"2025-07-23T10:12:15","modified_gmt":"2025-07-23T16:12:15","slug":"panel-infinito","status":"publish","type":"product","link":"https:\/\/toirobot.com\/en\/product\/panel-infinito\/","title":{"rendered":"Tubo Infinito Dise\u00f1o Est\u00e1ndar"},"content":{"rendered":"<h2><a href=\"https:\/\/toirobot.com\/en\/garantia-panel-infinito_removed\/\" target=\"_blank\" rel=\"noopener\"><img decoding=\"async\" class=\"alignnone wp-image-2364\" src=\"https:\/\/toirobot.com\/wp-content\/uploads\/2023\/11\/Recurso-2@300x-300x300.png\" alt=\"\" width=\"64\" height=\"64\" srcset=\"https:\/\/toirobot.com\/wp-content\/uploads\/2023\/11\/Recurso-2@300x-300x300.png 300w, https:\/\/toirobot.com\/wp-content\/uploads\/2023\/11\/Recurso-2@300x-150x150.png 150w, https:\/\/toirobot.com\/wp-content\/uploads\/2023\/11\/Recurso-2@300x-100x100.png 100w, https:\/\/toirobot.com\/wp-content\/uploads\/2023\/11\/Recurso-2@300x.png 534w\" sizes=\"(max-width: 64px) 100vw, 64px\" \/><\/a><a href=\"https:\/\/toirobot.com\/en\/garantia-panel-infinito_removed\/\" target=\"_blank\" rel=\"noopener\">\u00a0<strong style=\"color: #1b2f4c;\">Garant\u00eda<\/strong><br \/>\n<\/a><\/h2>\n<h6><u>12 meses contra defectos de fabricaci\u00f3n y vicios ocultos<\/u><\/h6>","protected":false},"excerpt":{"rendered":"<p>El Panel Infinito incorpora una tecnolog\u00eda exclusiva de TOi Robot\u00ae que permite su funcionamiento a trav\u00e9s de una conexi\u00f3n WiFi. Esto significa que se puede controlar de manera inal\u00e1mbrica utilizando una Tablet de Control y Cubo Sensy Magic\u00ae. Esta tecnolog\u00eda innovadora ofrece una experiencia conveniente y vers\u00e1til para los usuarios.<\/p>\n<p>&nbsp;<\/p>\n<p><a style=\"color: blue; text-decoration: underline;\" href=\"https:\/\/toirobot.com\/en\/fichas-y-especificaciones-tecnicas-nov-1_24\/\" target=\"_blank\" rel=\"noopener\">Ver caracter\u00edsticas generales<\/a>.<\/p>\n<p><a style=\"color: blue; text-decoration: underline;\" href=\"https:\/\/toirobot.com\/en\/fichas-tecnicas-panel-infinito\/\" target=\"_blank\" rel=\"noopener\">Ver ficha t\u00e9cnica<\/a>.<\/p>\n<p>&nbsp;<\/p>\n<h4><strong>Utilidades terap\u00e9uticas<\/strong><\/h4>\n<p>Estimula el tacto, la vista, causa y efecto, seguimiento y fijaci\u00f3n visual, pensamiento abstracto, audici\u00f3n y aprendizaje.<\/p>\n<p>&nbsp;<\/p>\n<p><strong>Dimensiones: 80 cm (largo), 14 cm (ancho), 100 cm (alto)<\/strong><\/p>\n<p><strong>Tiempo de entrega: 45 d\u00edas L.A.B. (F.O.B.)<\/strong><\/p>\n<p><strong>Peso: 17.25 kg<\/strong><\/p>","protected":false},"featured_media":2002,"comment_status":"open","ping_status":"closed","template":"","meta":{"_monsterinsights_skip_tracking":false,"_monsterinsights_sitenote_active":false,"_monsterinsights_sitenote_note":"","_monsterinsights_sitenote_category":0,"_joinchat":[]},"product_brand":[],"product_cat":[34],"product_tag":[],"class_list":{"0":"post-2000","1":"product","2":"type-product","3":"status-publish","4":"has-post-thumbnail","6":"product_cat-perifericos-toi-robot","8":"first","9":"instock","10":"taxable","11":"shipping-taxable","12":"product-type-simple"},"aioseo_notices":[],"_links":{"self":[{"href":"https:\/\/toirobot.com\/en\/wp-json\/wp\/v2\/product\/2000","targetHints":{"allow":["GET"]}}],"collection":[{"href":"https:\/\/toirobot.com\/en\/wp-json\/wp\/v2\/product"}],"about":[{"href":"https:\/\/toirobot.com\/en\/wp-json\/wp\/v2\/types\/product"}],"replies":[{"embeddable":true,"href":"https:\/\/toirobot.com\/en\/wp-json\/wp\/v2\/comments?post=2000"}],"version-history":[{"count":42,"href":"https:\/\/toirobot.com\/en\/wp-json\/wp\/v2\/product\/2000\/revisions"}],"predecessor-version":[{"id":4039,"href":"https:\/\/toirobot.com\/en\/wp-json\/wp\/v2\/product\/2000\/revisions\/4039"}],"wp:featuredmedia":[{"embeddable":true,"href":"https:\/\/toirobot.com\/en\/wp-json\/wp\/v2\/media\/2002"}],"wp:attachment":[{"href":"https:\/\/toirobot.com\/en\/wp-json\/wp\/v2\/media?parent=2000"}],"wp:term":[{"taxonomy":"product_brand","embeddable":true,"href":"https:\/\/toirobot.com\/en\/wp-json\/wp\/v2\/product_brand?post=2000"},{"taxonomy":"product_cat","embeddable":true,"href":"https:\/\/toirobot.com\/en\/wp-json\/wp\/v2\/product_cat?post=2000"},{"taxonomy":"product_tag","embeddable":true,"href":"https:\/\/toirobot.com\/en\/wp-json\/wp\/v2\/product_tag?post=2000"}],"curies":[{"name":"wp","href":"https:\/\/api.w.org\/{rel}","templated":true}]}}