{"id":1654,"date":"2023-10-13T11:01:08","date_gmt":"2023-10-13T17:01:08","guid":{"rendered":"https:\/\/toirobot.com\/?post_type=product&#038;p=1654"},"modified":"2025-07-23T10:12:42","modified_gmt":"2025-07-23T16:12:42","slug":"fibra-optica-cola-de-caballo-o-ramillete","status":"publish","type":"product","link":"https:\/\/toirobot.com\/en\/product\/fibra-optica-cola-de-caballo-o-ramillete\/","title":{"rendered":"Fibra \u00d3ptica Cola de Caballo o Ramillete"},"content":{"rendered":"<h2><a href=\"https:\/\/toirobot.com\/en\/garantia-fibra-optica\/\" target=\"_blank\" rel=\"noopener\"><img decoding=\"async\" class=\"alignnone wp-image-2364\" src=\"https:\/\/toirobot.com\/wp-content\/uploads\/2023\/11\/Recurso-2@300x-300x300.png\" alt=\"\" width=\"64\" height=\"64\" srcset=\"https:\/\/toirobot.com\/wp-content\/uploads\/2023\/11\/Recurso-2@300x-300x300.png 300w, https:\/\/toirobot.com\/wp-content\/uploads\/2023\/11\/Recurso-2@300x-150x150.png 150w, https:\/\/toirobot.com\/wp-content\/uploads\/2023\/11\/Recurso-2@300x-100x100.png 100w, https:\/\/toirobot.com\/wp-content\/uploads\/2023\/11\/Recurso-2@300x.png 534w\" sizes=\"(max-width: 64px) 100vw, 64px\" \/><\/a><a href=\"https:\/\/toirobot.com\/en\/garantia-fibra-optica\/\" target=\"_blank\" rel=\"noopener\">\u00a0<strong style=\"color: #1b2f4c;\">Garant\u00eda<\/strong><br \/>\n<\/a><\/h2>\n<h6><u>12 meses contra defectos de fabricaci\u00f3n y vicios ocultos<\/u><\/h6>","protected":false},"excerpt":{"rendered":"<p>La fibra \u00f3ptica incorpora una tecnolog\u00eda exclusiva de TOi Robot\u00ae que permite su funcionamiento a trav\u00e9s de una conexi\u00f3n WiFi. Esto significa que se puede controlar de manera inal\u00e1mbrica utilizando una Tablet de Control. Esta tecnolog\u00eda innovadora ofrece una experiencia conveniente y vers\u00e1til para los usuarios.<\/p>\n<p>&nbsp;<\/p>\n<p><a style=\"color: blue; text-decoration: underline;\" href=\"https:\/\/toirobot.com\/en\/fichas-y-especificaciones-tecnicas-nov-1_23\/\" target=\"_blank\" rel=\"noopener\">Ver caracter\u00edsticas generales<\/a><\/p>\n<p><a style=\"color: blue; text-decoration: underline;\" href=\"https:\/\/toirobot.com\/en\/fichas-tecnicas-fibra-optica-cola-de-cabello-o-ramillete\/\" target=\"_blank\" rel=\"noopener\">Ver ficha t\u00e9cnica<\/a>.<\/p>\n<p>&nbsp;<\/p>\n<p><strong>Utilidades terap\u00e9uticas<\/strong><\/p>\n<p>Fijaci\u00f3n y seguimiento visual, atenci\u00f3n sostenida, intenci\u00f3n del movimiento, habilidades manipulativas, control \u00f3culo manual, juego sensoriomotor y relajaci\u00f3n, audici\u00f3n y aprendizaje.<\/p>\n<p>&nbsp;<\/p>\n<p><strong>Dimensiones: 200 hilos de fibra de 2.3m de largo. base de 38 cm (largo), 24 cm (ancho), 19 cm (alto).<\/strong><\/p>\n<p><strong>Tiempo de entrega: 45 d\u00edas L.A.B. (F.O.B.)<\/strong><\/p>\n<p><strong>Peso: 6.95 kg<\/strong><\/p>","protected":false},"featured_media":1656,"comment_status":"open","ping_status":"closed","template":"","meta":{"_monsterinsights_skip_tracking":false,"_monsterinsights_sitenote_active":false,"_monsterinsights_sitenote_note":"","_monsterinsights_sitenote_category":0,"_joinchat":[]},"product_brand":[],"product_cat":[34],"product_tag":[],"class_list":{"0":"post-1654","1":"product","2":"type-product","3":"status-publish","4":"has-post-thumbnail","6":"product_cat-perifericos-toi-robot","8":"first","9":"instock","10":"taxable","11":"shipping-taxable","12":"product-type-simple"},"aioseo_notices":[],"_links":{"self":[{"href":"https:\/\/toirobot.com\/en\/wp-json\/wp\/v2\/product\/1654","targetHints":{"allow":["GET"]}}],"collection":[{"href":"https:\/\/toirobot.com\/en\/wp-json\/wp\/v2\/product"}],"about":[{"href":"https:\/\/toirobot.com\/en\/wp-json\/wp\/v2\/types\/product"}],"replies":[{"embeddable":true,"href":"https:\/\/toirobot.com\/en\/wp-json\/wp\/v2\/comments?post=1654"}],"version-history":[{"count":27,"href":"https:\/\/toirobot.com\/en\/wp-json\/wp\/v2\/product\/1654\/revisions"}],"predecessor-version":[{"id":3924,"href":"https:\/\/toirobot.com\/en\/wp-json\/wp\/v2\/product\/1654\/revisions\/3924"}],"wp:featuredmedia":[{"embeddable":true,"href":"https:\/\/toirobot.com\/en\/wp-json\/wp\/v2\/media\/1656"}],"wp:attachment":[{"href":"https:\/\/toirobot.com\/en\/wp-json\/wp\/v2\/media?parent=1654"}],"wp:term":[{"taxonomy":"product_brand","embeddable":true,"href":"https:\/\/toirobot.com\/en\/wp-json\/wp\/v2\/product_brand?post=1654"},{"taxonomy":"product_cat","embeddable":true,"href":"https:\/\/toirobot.com\/en\/wp-json\/wp\/v2\/product_cat?post=1654"},{"taxonomy":"product_tag","embeddable":true,"href":"https:\/\/toirobot.com\/en\/wp-json\/wp\/v2\/product_tag?post=1654"}],"curies":[{"name":"wp","href":"https:\/\/api.w.org\/{rel}","templated":true}]}}