{"id":1652,"date":"2023-10-13T10:15:07","date_gmt":"2023-10-13T16:15:07","guid":{"rendered":"https:\/\/toirobot.com\/?post_type=product&#038;p=1652"},"modified":"2025-07-23T10:14:20","modified_gmt":"2025-07-23T16:14:20","slug":"proyector-de-imagenes-en-aceite","status":"publish","type":"product","link":"https:\/\/toirobot.com\/en\/product\/proyector-de-imagenes-en-aceite\/","title":{"rendered":"Proyector de Im\u00e1genes en Aceite"},"content":{"rendered":"<h2><a href=\"https:\/\/toirobot.com\/en\/garantia-proyector-de-imagenes-en-aceite\/\" target=\"_blank\" rel=\"noopener\"><img decoding=\"async\" class=\"alignnone wp-image-2364\" src=\"https:\/\/toirobot.com\/wp-content\/uploads\/2023\/11\/Recurso-2@300x-300x300.png\" alt=\"\" width=\"64\" height=\"64\" srcset=\"https:\/\/toirobot.com\/wp-content\/uploads\/2023\/11\/Recurso-2@300x-300x300.png 300w, https:\/\/toirobot.com\/wp-content\/uploads\/2023\/11\/Recurso-2@300x-150x150.png 150w, https:\/\/toirobot.com\/wp-content\/uploads\/2023\/11\/Recurso-2@300x-100x100.png 100w, https:\/\/toirobot.com\/wp-content\/uploads\/2023\/11\/Recurso-2@300x.png 534w\" sizes=\"(max-width: 64px) 100vw, 64px\" \/><\/a><a href=\"https:\/\/toirobot.com\/en\/garantia-proyector-de-imagenes-en-aceite\/\" target=\"_blank\" rel=\"noopener\">\u00a0<strong style=\"color: #1b2f4c;\">Garant\u00eda<\/strong><br \/>\n<\/a><\/h2>\n<h6><u>12 meses contra defectos de fabricaci\u00f3n y vicios ocultos<\/u><\/h6>","protected":false},"excerpt":{"rendered":"<p>El proyector incorpora una tecnolog\u00eda exclusiva de TOi Robot\u00ae que permite su funcionamiento a trav\u00e9s de una conexi\u00f3n WiFi. Esto significa que el proyector se puede controlar de manera inal\u00e1mbrica utilizando una Tablet de Control. Esta tecnolog\u00eda innovadora ofrece una experiencia conveniente y vers\u00e1til para los usuarios.<\/p>\n<p>&nbsp;<\/p>\n<p><a style=\"color: blue; text-decoration: underline;\" href=\"https:\/\/toirobot.com\/en\/fichas-y-especificaciones-tecnicas-nov-1_22\/\" target=\"_blank\" rel=\"noopener\">Ver <\/a><a style=\"color: blue; text-decoration: underline;\" href=\"https:\/\/toirobot.com\/en\/fichas-y-especificaciones-tecnicas-nov-1_22\/\" target=\"_blank\" rel=\"noopener\">caracter\u00edsticas generales<\/a>.<\/p>\n<p><a style=\"color: blue; text-decoration: underline;\" href=\"https:\/\/toirobot.com\/en\/fichas-tecnicas-proyector-de-imagenes-en-aceite\/\" target=\"_blank\" rel=\"noopener\">Ver ficha t\u00e9cnica<\/a>.<\/p>\n<p>&nbsp;<\/p>\n<p><strong>Utilidad terap\u00e9utica<\/strong><\/p>\n<p>Fijaci\u00f3n y seguimiento visual, control de cabeza, cuello y tronco, percepci\u00f3n de los colores y las formas, relajaci\u00f3n.<\/p>\n<p>&nbsp;<\/p>\n<p><strong>Dimensiones: 23 cm (largo), 23 cm (ancho), 22 cm (alto), 65 cm (di\u00e1metro).<\/strong><\/p>\n<p><strong>Tiempo de entrega: 45 d\u00edas L.A.B. (F.O.B.)<\/strong><\/p>\n<p><strong>Peso: 200 g<\/strong><\/p>","protected":false},"featured_media":1564,"comment_status":"open","ping_status":"closed","template":"","meta":{"_monsterinsights_skip_tracking":false,"_monsterinsights_sitenote_active":false,"_monsterinsights_sitenote_note":"","_monsterinsights_sitenote_category":0,"_joinchat":[]},"product_brand":[],"product_cat":[43,34],"product_tag":[],"class_list":{"0":"post-1652","1":"product","2":"type-product","3":"status-publish","4":"has-post-thumbnail","6":"product_cat-equipo-cems","7":"product_cat-perifericos-toi-robot","9":"first","10":"instock","11":"taxable","12":"shipping-taxable","13":"product-type-simple"},"aioseo_notices":[],"_links":{"self":[{"href":"https:\/\/toirobot.com\/en\/wp-json\/wp\/v2\/product\/1652","targetHints":{"allow":["GET"]}}],"collection":[{"href":"https:\/\/toirobot.com\/en\/wp-json\/wp\/v2\/product"}],"about":[{"href":"https:\/\/toirobot.com\/en\/wp-json\/wp\/v2\/types\/product"}],"replies":[{"embeddable":true,"href":"https:\/\/toirobot.com\/en\/wp-json\/wp\/v2\/comments?post=1652"}],"version-history":[{"count":15,"href":"https:\/\/toirobot.com\/en\/wp-json\/wp\/v2\/product\/1652\/revisions"}],"predecessor-version":[{"id":3925,"href":"https:\/\/toirobot.com\/en\/wp-json\/wp\/v2\/product\/1652\/revisions\/3925"}],"wp:featuredmedia":[{"embeddable":true,"href":"https:\/\/toirobot.com\/en\/wp-json\/wp\/v2\/media\/1564"}],"wp:attachment":[{"href":"https:\/\/toirobot.com\/en\/wp-json\/wp\/v2\/media?parent=1652"}],"wp:term":[{"taxonomy":"product_brand","embeddable":true,"href":"https:\/\/toirobot.com\/en\/wp-json\/wp\/v2\/product_brand?post=1652"},{"taxonomy":"product_cat","embeddable":true,"href":"https:\/\/toirobot.com\/en\/wp-json\/wp\/v2\/product_cat?post=1652"},{"taxonomy":"product_tag","embeddable":true,"href":"https:\/\/toirobot.com\/en\/wp-json\/wp\/v2\/product_tag?post=1652"}],"curies":[{"name":"wp","href":"https:\/\/api.w.org\/{rel}","templated":true}]}}