{"id":1650,"date":"2023-10-13T09:47:22","date_gmt":"2023-10-13T15:47:22","guid":{"rendered":"https:\/\/toirobot.com\/?post_type=product&#038;p=1650"},"modified":"2025-07-23T10:14:25","modified_gmt":"2025-07-23T16:14:25","slug":"proyector-de-estrellas-y-nebulosa","status":"publish","type":"product","link":"https:\/\/toirobot.com\/en\/product\/proyector-de-estrellas-y-nebulosa\/","title":{"rendered":"Proyector de Estrellas y Nebulosa"},"content":{"rendered":"<h2><a href=\"https:\/\/toirobot.com\/en\/garantia-proyector-de-estrellas\/\" target=\"_blank\" rel=\"noopener\"><img decoding=\"async\" class=\"alignnone wp-image-2364\" src=\"https:\/\/toirobot.com\/wp-content\/uploads\/2023\/11\/Recurso-2@300x-300x300.png\" alt=\"\" width=\"64\" height=\"64\" srcset=\"https:\/\/toirobot.com\/wp-content\/uploads\/2023\/11\/Recurso-2@300x-300x300.png 300w, https:\/\/toirobot.com\/wp-content\/uploads\/2023\/11\/Recurso-2@300x-150x150.png 150w, https:\/\/toirobot.com\/wp-content\/uploads\/2023\/11\/Recurso-2@300x-100x100.png 100w, https:\/\/toirobot.com\/wp-content\/uploads\/2023\/11\/Recurso-2@300x.png 534w\" sizes=\"(max-width: 64px) 100vw, 64px\" \/><\/a><a href=\"https:\/\/toirobot.com\/en\/garantia-proyector-de-estrellas\/\" target=\"_blank\" rel=\"noopener\">\u00a0<strong style=\"color: #1b2f4c;\">Garant\u00eda<\/strong><br \/>\n<\/a><\/h2>\n<h6><u>12 meses contra defectos de fabricaci\u00f3n y vicios ocultos<\/u><\/h6>","protected":false},"excerpt":{"rendered":"<p>El proyector incorpora una tecnolog\u00eda exclusiva de TOi Robot\u00ae que permite su funcionamiento a trav\u00e9s de una conexi\u00f3n WiFi. Esto significa que el proyector se puede controlar de manera inal\u00e1mbrica utilizando una Tablet de Control. Esta tecnolog\u00eda innovadora ofrece una experiencia conveniente y vers\u00e1til para los usuarios.<\/p>\n<p>&nbsp;<\/p>\n<p><a style=\"color: blue; text-decoration: underline;\" href=\"https:\/\/toirobot.com\/en\/fichas-y-especificaciones-tecnicas-nov-1_21\/\" target=\"_blank\" rel=\"noopener\">Ver caracter\u00edsticas generales<\/a>.<\/p>\n<p><a style=\"color: blue; text-decoration: underline;\" href=\"https:\/\/toirobot.com\/en\/fichas-tecnicas-proyector-de-estrellas-y-nebulosa\/\" target=\"_blank\" rel=\"noopener\">Ver ficha t\u00e9cnica<\/a>.<\/p>\n<p>&nbsp;<\/p>\n<p><strong>Utilidad Terap\u00e9utica<\/strong><\/p>\n<p>Fijaci\u00f3n, seguimiento visual y relajaci\u00f3n.<\/p>\n<p>&nbsp;<\/p>\n<p><strong>Dimensiones: 16 cm (largo), 6 cm (ancho), 15 cm (alto).<\/strong><\/p>\n<p><strong>Tiempo de entrega: 45 d\u00edas L.A.B. (F.O.B.)<\/strong><\/p>\n<p><strong>Peso: 581 g.<\/strong><\/p>","protected":false},"featured_media":1566,"comment_status":"open","ping_status":"closed","template":"","meta":{"_monsterinsights_skip_tracking":false,"_monsterinsights_sitenote_active":false,"_monsterinsights_sitenote_note":"","_monsterinsights_sitenote_category":0,"_joinchat":[]},"product_brand":[],"product_cat":[43,34],"product_tag":[],"class_list":{"0":"post-1650","1":"product","2":"type-product","3":"status-publish","4":"has-post-thumbnail","6":"product_cat-equipo-cems","7":"product_cat-perifericos-toi-robot","9":"first","10":"instock","11":"taxable","12":"shipping-taxable","13":"product-type-simple"},"aioseo_notices":[],"_links":{"self":[{"href":"https:\/\/toirobot.com\/en\/wp-json\/wp\/v2\/product\/1650","targetHints":{"allow":["GET"]}}],"collection":[{"href":"https:\/\/toirobot.com\/en\/wp-json\/wp\/v2\/product"}],"about":[{"href":"https:\/\/toirobot.com\/en\/wp-json\/wp\/v2\/types\/product"}],"replies":[{"embeddable":true,"href":"https:\/\/toirobot.com\/en\/wp-json\/wp\/v2\/comments?post=1650"}],"version-history":[{"count":11,"href":"https:\/\/toirobot.com\/en\/wp-json\/wp\/v2\/product\/1650\/revisions"}],"predecessor-version":[{"id":3926,"href":"https:\/\/toirobot.com\/en\/wp-json\/wp\/v2\/product\/1650\/revisions\/3926"}],"wp:featuredmedia":[{"embeddable":true,"href":"https:\/\/toirobot.com\/en\/wp-json\/wp\/v2\/media\/1566"}],"wp:attachment":[{"href":"https:\/\/toirobot.com\/en\/wp-json\/wp\/v2\/media?parent=1650"}],"wp:term":[{"taxonomy":"product_brand","embeddable":true,"href":"https:\/\/toirobot.com\/en\/wp-json\/wp\/v2\/product_brand?post=1650"},{"taxonomy":"product_cat","embeddable":true,"href":"https:\/\/toirobot.com\/en\/wp-json\/wp\/v2\/product_cat?post=1650"},{"taxonomy":"product_tag","embeddable":true,"href":"https:\/\/toirobot.com\/en\/wp-json\/wp\/v2\/product_tag?post=1650"}],"curies":[{"name":"wp","href":"https:\/\/api.w.org\/{rel}","templated":true}]}}