{"id":1646,"date":"2023-10-12T17:57:07","date_gmt":"2023-10-12T23:57:07","guid":{"rendered":"https:\/\/toirobot.com\/?post_type=product&#038;p=1646"},"modified":"2025-07-23T10:14:48","modified_gmt":"2025-07-23T16:14:48","slug":"columpio-vestibular-capullo","status":"publish","type":"product","link":"https:\/\/toirobot.com\/en\/product\/columpio-vestibular-capullo\/","title":{"rendered":"Columpio Vestibular Capullo"},"content":{"rendered":"<h2><a href=\"https:\/\/toirobot.com\/en\/garantia-columpio-vestibular-2\/\" target=\"_blank\" rel=\"noopener\"><img decoding=\"async\" class=\"alignnone wp-image-2364\" src=\"https:\/\/toirobot.com\/wp-content\/uploads\/2023\/11\/Recurso-2@300x-300x300.png\" alt=\"\" width=\"64\" height=\"64\" srcset=\"https:\/\/toirobot.com\/wp-content\/uploads\/2023\/11\/Recurso-2@300x-300x300.png 300w, https:\/\/toirobot.com\/wp-content\/uploads\/2023\/11\/Recurso-2@300x-150x150.png 150w, https:\/\/toirobot.com\/wp-content\/uploads\/2023\/11\/Recurso-2@300x-100x100.png 100w, https:\/\/toirobot.com\/wp-content\/uploads\/2023\/11\/Recurso-2@300x.png 534w\" sizes=\"(max-width: 64px) 100vw, 64px\" \/><\/a><a href=\"https:\/\/toirobot.com\/en\/garantia-columpio-vestibular-2\/\" target=\"_blank\" rel=\"noopener\">\u00a0<strong style=\"color: #1b2f4c;\">Garant\u00eda<\/strong><br \/>\n<\/a><\/h2>\n<h6><u>Este equipo no entra en garant\u00eda<\/u><\/h6>","protected":false},"excerpt":{"rendered":"<p>Espacio seguro para que el ni\u00f1o obtenga informaci\u00f3n vestibular tranquilizadora a trav\u00e9s de movimientos lentos y predecibles.<\/p>\n<p>&nbsp;<\/p>\n<p><a style=\"color: blue; text-decoration: underline;\" href=\"https:\/\/toirobot.com\/en\/fichas-y-especificaciones-tecnicas-nov-1_19\/\" target=\"_blank\" rel=\"noopener\">Ver caracter\u00edsticas generales<\/a>.<\/p>\n<p><a style=\"color: blue; text-decoration: underline;\" href=\"https:\/\/toirobot.com\/en\/fichas-tecnicas-columpio-vestibular-capullo\/\" target=\"_blank\" rel=\"noopener\">Ver ficha t\u00e9cnica<\/a>.<\/p>\n<p>&nbsp;<\/p>\n<p><strong>Utilidad Terap\u00e9utica<\/strong><\/p>\n<p>Entrenamiento del sistema vestibular, equilibrio y relajaci\u00f3n, estrategias de movimiento coordinadas para incidir en la praxis, el control postural y la percepci\u00f3n.<\/p>\n<p>&nbsp;<\/p>\n<p><strong>Dimensiones: 50 cm (di\u00e1metro), 150 cm (alto). <\/strong><\/p>\n<p><strong>Puff interior: 70 cm (di\u00e1metro), 15 cm (alto).<\/strong><\/p>\n<p><strong>Tiempo de entrega: 25 d\u00edas L.A.B. (F.O.B.)<\/strong><\/p>\n<p><strong>Peso: 1.30 kg<\/strong><\/p>","protected":false},"featured_media":1568,"comment_status":"open","ping_status":"closed","template":"","meta":{"_monsterinsights_skip_tracking":false,"_monsterinsights_sitenote_active":false,"_monsterinsights_sitenote_note":"","_monsterinsights_sitenote_category":0,"_joinchat":[]},"product_brand":[],"product_cat":[34],"product_tag":[],"class_list":{"0":"post-1646","1":"product","2":"type-product","3":"status-publish","4":"has-post-thumbnail","6":"product_cat-perifericos-toi-robot","8":"first","9":"instock","10":"taxable","11":"shipping-taxable","12":"product-type-simple"},"aioseo_notices":[],"_links":{"self":[{"href":"https:\/\/toirobot.com\/en\/wp-json\/wp\/v2\/product\/1646","targetHints":{"allow":["GET"]}}],"collection":[{"href":"https:\/\/toirobot.com\/en\/wp-json\/wp\/v2\/product"}],"about":[{"href":"https:\/\/toirobot.com\/en\/wp-json\/wp\/v2\/types\/product"}],"replies":[{"embeddable":true,"href":"https:\/\/toirobot.com\/en\/wp-json\/wp\/v2\/comments?post=1646"}],"version-history":[{"count":15,"href":"https:\/\/toirobot.com\/en\/wp-json\/wp\/v2\/product\/1646\/revisions"}],"predecessor-version":[{"id":3928,"href":"https:\/\/toirobot.com\/en\/wp-json\/wp\/v2\/product\/1646\/revisions\/3928"}],"wp:featuredmedia":[{"embeddable":true,"href":"https:\/\/toirobot.com\/en\/wp-json\/wp\/v2\/media\/1568"}],"wp:attachment":[{"href":"https:\/\/toirobot.com\/en\/wp-json\/wp\/v2\/media?parent=1646"}],"wp:term":[{"taxonomy":"product_brand","embeddable":true,"href":"https:\/\/toirobot.com\/en\/wp-json\/wp\/v2\/product_brand?post=1646"},{"taxonomy":"product_cat","embeddable":true,"href":"https:\/\/toirobot.com\/en\/wp-json\/wp\/v2\/product_cat?post=1646"},{"taxonomy":"product_tag","embeddable":true,"href":"https:\/\/toirobot.com\/en\/wp-json\/wp\/v2\/product_tag?post=1646"}],"curies":[{"name":"wp","href":"https:\/\/api.w.org\/{rel}","templated":true}]}}