{"id":1639,"date":"2023-10-12T17:20:12","date_gmt":"2023-10-12T23:20:12","guid":{"rendered":"https:\/\/toirobot.com\/?post_type=product&#038;p=1639"},"modified":"2025-07-23T10:14:48","modified_gmt":"2025-07-23T16:14:48","slug":"espejo-infantil-de-postura-de-acrilico-con-barra-de-seguridad","status":"publish","type":"product","link":"https:\/\/toirobot.com\/en\/product\/espejo-infantil-de-postura-de-acrilico-con-barra-de-seguridad\/","title":{"rendered":"Espejo Infantil de Postura de Acr\u00edlico con Barra de Seguridad"},"content":{"rendered":"<h2 data-wp-editing=\"1\"><a href=\"https:\/\/toirobot.com\/en\/garantia-espejo-infantil-de-postura-de-acrilico-con-barra-de-seguridad\/\" target=\"_blank\" rel=\"noopener\"><img decoding=\"async\" class=\"alignnone wp-image-2364\" src=\"https:\/\/toirobot.com\/wp-content\/uploads\/2023\/11\/Recurso-2@300x-300x300.png\" alt=\"\" width=\"64\" height=\"64\" srcset=\"https:\/\/toirobot.com\/wp-content\/uploads\/2023\/11\/Recurso-2@300x-300x300.png 300w, https:\/\/toirobot.com\/wp-content\/uploads\/2023\/11\/Recurso-2@300x-150x150.png 150w, https:\/\/toirobot.com\/wp-content\/uploads\/2023\/11\/Recurso-2@300x-100x100.png 100w, https:\/\/toirobot.com\/wp-content\/uploads\/2023\/11\/Recurso-2@300x.png 534w\" sizes=\"(max-width: 64px) 100vw, 64px\" \/><\/a><a href=\"https:\/\/toirobot.com\/en\/garantia-espejo-infantil-de-postura-de-acrilico-con-barra-de-seguridad\/\" target=\"_blank\" rel=\"noopener\">\u00a0<strong style=\"color: #1b2f4c;\">Garant\u00eda<\/strong><br \/>\n<\/a><\/h2>\n<h6><u>Este equipo no entra en garant\u00eda<\/u><\/h6>","protected":false},"excerpt":{"rendered":"<p>Brinda retroalimentaci\u00f3n visual de las actividades motoras.<\/p>\n<p>&nbsp;<\/p>\n<p><a style=\"color: blue; text-decoration: underline;\" href=\"https:\/\/toirobot.com\/en\/fichas-y-especificaciones-tecnicas-nov-1_17\/\" target=\"_blank\" rel=\"noopener\">Ver caracter\u00edsticas generales<\/a>.<\/p>\n<p><a style=\"color: blue; text-decoration: underline;\" href=\"https:\/\/toirobot.com\/en\/fichas-tecnicas-espejo-infantil\/\" target=\"_blank\" rel=\"noopener\">Ver ficha t\u00e9cnica<\/a>.<\/p>\n<p>&nbsp;<\/p>\n<p><strong>Utilidad terap\u00e9utica<\/strong><\/p>\n<p>Comprensi\u00f3n del cuerpo, espacio y de la posici\u00f3n de su cuerpo en el espacio. Estimula la comprensi\u00f3n de lateralidad, la cognici\u00f3n espacial aloc\u00e9ntrica y egoc\u00e9ntrica. Mejora la compresi\u00f3n del esquema corporal.<\/p>\n<p>&nbsp;<\/p>\n<p><strong>Tiempo de entrega: 45 d\u00edas L.A.B. (F.O.B.)<\/strong><\/p>\n<p><strong>Dimensiones: 130 cm (largo), 20 cm (ancho), 150 cm (alto)<\/strong><\/p>\n<p><strong>Peso: 5 kg<\/strong><\/p>","protected":false},"featured_media":1571,"comment_status":"open","ping_status":"closed","template":"","meta":{"_monsterinsights_skip_tracking":false,"_monsterinsights_sitenote_active":false,"_monsterinsights_sitenote_note":"","_monsterinsights_sitenote_category":0,"_joinchat":[]},"product_brand":[],"product_cat":[34,21],"product_tag":[],"class_list":{"0":"post-1639","1":"product","2":"type-product","3":"status-publish","4":"has-post-thumbnail","6":"product_cat-perifericos-toi-robot","7":"product_cat-uncategorized","9":"first","10":"instock","11":"taxable","12":"shipping-taxable","13":"product-type-simple"},"aioseo_notices":[],"_links":{"self":[{"href":"https:\/\/toirobot.com\/en\/wp-json\/wp\/v2\/product\/1639","targetHints":{"allow":["GET"]}}],"collection":[{"href":"https:\/\/toirobot.com\/en\/wp-json\/wp\/v2\/product"}],"about":[{"href":"https:\/\/toirobot.com\/en\/wp-json\/wp\/v2\/types\/product"}],"replies":[{"embeddable":true,"href":"https:\/\/toirobot.com\/en\/wp-json\/wp\/v2\/comments?post=1639"}],"version-history":[{"count":16,"href":"https:\/\/toirobot.com\/en\/wp-json\/wp\/v2\/product\/1639\/revisions"}],"predecessor-version":[{"id":3930,"href":"https:\/\/toirobot.com\/en\/wp-json\/wp\/v2\/product\/1639\/revisions\/3930"}],"wp:featuredmedia":[{"embeddable":true,"href":"https:\/\/toirobot.com\/en\/wp-json\/wp\/v2\/media\/1571"}],"wp:attachment":[{"href":"https:\/\/toirobot.com\/en\/wp-json\/wp\/v2\/media?parent=1639"}],"wp:term":[{"taxonomy":"product_brand","embeddable":true,"href":"https:\/\/toirobot.com\/en\/wp-json\/wp\/v2\/product_brand?post=1639"},{"taxonomy":"product_cat","embeddable":true,"href":"https:\/\/toirobot.com\/en\/wp-json\/wp\/v2\/product_cat?post=1639"},{"taxonomy":"product_tag","embeddable":true,"href":"https:\/\/toirobot.com\/en\/wp-json\/wp\/v2\/product_tag?post=1639"}],"curies":[{"name":"wp","href":"https:\/\/api.w.org\/{rel}","templated":true}]}}