{"id":1629,"date":"2023-10-12T16:46:00","date_gmt":"2023-10-12T22:46:00","guid":{"rendered":"https:\/\/toirobot.com\/?post_type=product&#038;p=1629"},"modified":"2025-07-23T10:15:00","modified_gmt":"2025-07-23T16:15:00","slug":"espejo-acrilico-con-base-solida-de-proteccion","status":"publish","type":"product","link":"https:\/\/toirobot.com\/en\/product\/espejo-acrilico-con-base-solida-de-proteccion\/","title":{"rendered":"Espejo Acr\u00edlico con Base S\u00f3lida de Protecci\u00f3n"},"content":{"rendered":"<h2><a href=\"https:\/\/toirobot.com\/en\/garantia-espejo-de-acrilico-con-base-solida-de-proteccion\/\" target=\"_blank\" rel=\"noopener\"><img decoding=\"async\" class=\"alignnone wp-image-2364\" src=\"https:\/\/toirobot.com\/wp-content\/uploads\/2023\/11\/Recurso-2@300x-300x300.png\" alt=\"\" width=\"64\" height=\"64\" srcset=\"https:\/\/toirobot.com\/wp-content\/uploads\/2023\/11\/Recurso-2@300x-300x300.png 300w, https:\/\/toirobot.com\/wp-content\/uploads\/2023\/11\/Recurso-2@300x-150x150.png 150w, https:\/\/toirobot.com\/wp-content\/uploads\/2023\/11\/Recurso-2@300x-100x100.png 100w, https:\/\/toirobot.com\/wp-content\/uploads\/2023\/11\/Recurso-2@300x.png 534w\" sizes=\"(max-width: 64px) 100vw, 64px\" \/><\/a><a href=\"https:\/\/toirobot.com\/en\/garantia-espejo-de-acrilico-con-base-solida-de-proteccion\/\" target=\"_blank\" rel=\"noopener\">\u00a0<strong style=\"color: #1b2f4c;\">Garant\u00eda<\/strong><br \/>\n<\/a><\/h2>\n<h6><u>12 meses contra defectos de fabricaci\u00f3n y vicios ocultos<\/u><\/h6>","protected":false},"excerpt":{"rendered":"<p>Brinda retroalimentaci\u00f3n visual de las actividades motoras. Esta retroalimentaci\u00f3n se refiere a la informaci\u00f3n que se presenta a trav\u00e9s de est\u00edmulos visuales para que el individuo pueda comprender y ajustar su desempe\u00f1o en actividades motoras.<\/p>\n<p>&nbsp;<\/p>\n<p><a style=\"color: blue; text-decoration: underline;\" href=\"https:\/\/toirobot.com\/en\/fichas-y-especificaciones-tecnicas-nov-1_14\/\" target=\"_blank\" rel=\"noopener\">Ver caracter\u00edsticas generales.<\/a><\/p>\n<p><a style=\"color: blue; text-decoration: underline;\" href=\"https:\/\/toirobot.com\/en\/fichas-tecnicas-espejo-de-acrilico-con-base-solida\/\" target=\"_blank\" rel=\"noopener\">Ver ficha t\u00e9cnica<\/a>.<\/p>\n<p>&nbsp;<\/p>\n<p><strong>Utilidad Terap\u00e9utica<\/strong><\/p>\n<p>Mejor comprensi\u00f3n y de la posici\u00f3n de su cuerpo en el espacio, estimula la comprensi\u00f3n de lateralidad, estimula la cognici\u00f3n espacial aloc\u00e9ntrica y egoc\u00e9ntrica, mejora la compresi\u00f3n del esquema corporal.<\/p>\n<p>&nbsp;<\/p>\n<p><strong>Tiempo de entrega: 45 d\u00edas L.A.B. (F.O.B.)<\/strong><\/p>\n<p><strong>Dimensiones: 110 cm (largo), 1.8 cm (ancho), 180 cm (alto).<\/strong><\/p>\n<p>&nbsp;<\/p>\n<h2><strong><a style=\"color: #1b2f4c; text-decoration: underline;\" title=\"Fibra \u00d3ptica Cola de Caballo o Ramillete\" href=\"https:\/\/toirobot.com\/en\/cot-espejo-de-acrilico-con-base-solida-de-proteccion-2023\/\" target=\"_blank\" rel=\"noopener\">\u00a1Descarga tu cotizaci\u00f3n aqu\u00ed!<\/a><\/strong><\/h2>","protected":false},"featured_media":1630,"comment_status":"open","ping_status":"closed","template":"","meta":{"_monsterinsights_skip_tracking":false,"_monsterinsights_sitenote_active":false,"_monsterinsights_sitenote_note":"","_monsterinsights_sitenote_category":0,"_joinchat":[]},"product_brand":[],"product_cat":[34],"product_tag":[],"class_list":{"0":"post-1629","1":"product","2":"type-product","3":"status-publish","4":"has-post-thumbnail","6":"product_cat-perifericos-toi-robot","8":"first","9":"instock","10":"taxable","11":"shipping-taxable","12":"product-type-simple"},"aioseo_notices":[],"_links":{"self":[{"href":"https:\/\/toirobot.com\/en\/wp-json\/wp\/v2\/product\/1629","targetHints":{"allow":["GET"]}}],"collection":[{"href":"https:\/\/toirobot.com\/en\/wp-json\/wp\/v2\/product"}],"about":[{"href":"https:\/\/toirobot.com\/en\/wp-json\/wp\/v2\/types\/product"}],"replies":[{"embeddable":true,"href":"https:\/\/toirobot.com\/en\/wp-json\/wp\/v2\/comments?post=1629"}],"version-history":[{"count":9,"href":"https:\/\/toirobot.com\/en\/wp-json\/wp\/v2\/product\/1629\/revisions"}],"predecessor-version":[{"id":2676,"href":"https:\/\/toirobot.com\/en\/wp-json\/wp\/v2\/product\/1629\/revisions\/2676"}],"wp:featuredmedia":[{"embeddable":true,"href":"https:\/\/toirobot.com\/en\/wp-json\/wp\/v2\/media\/1630"}],"wp:attachment":[{"href":"https:\/\/toirobot.com\/en\/wp-json\/wp\/v2\/media?parent=1629"}],"wp:term":[{"taxonomy":"product_brand","embeddable":true,"href":"https:\/\/toirobot.com\/en\/wp-json\/wp\/v2\/product_brand?post=1629"},{"taxonomy":"product_cat","embeddable":true,"href":"https:\/\/toirobot.com\/en\/wp-json\/wp\/v2\/product_cat?post=1629"},{"taxonomy":"product_tag","embeddable":true,"href":"https:\/\/toirobot.com\/en\/wp-json\/wp\/v2\/product_tag?post=1629"}],"curies":[{"name":"wp","href":"https:\/\/api.w.org\/{rel}","templated":true}]}}